{"id":158,"date":"2019-05-07T15:19:11","date_gmt":"2019-05-07T13:19:11","guid":{"rendered":"http:\/\/aquitabio.fr\/?page_id=158"},"modified":"2020-09-23T13:19:00","modified_gmt":"2020-09-23T11:19:00","slug":"nous-connaitre","status":"publish","type":"page","link":"https:\/\/aquitabio.fr\/?page_id=158","title":{"rendered":"Nous conna\u00eetre"},"content":{"rendered":"\n<hr class=\"wp-block-separator\"\/>\n\n\n\n<div class=\"wp-container-3 wp-block-columns has-2-columns\">\n<div class=\"wp-container-1 wp-block-column\">\n<p style=\"text-align:center\"><strong>Une initiative forte<br>des coop\u00e9ratives r\u00e9gionales<\/strong><\/p>\n\n\n\n<p>AQUITABIO renforce et d\u00e9veloppe la dynamique r\u00e9gionale bio d\u00e9j\u00e0 initi\u00e9e. Ce sont ainsi 5 partenaires qui se sont associ\u00e9s dans cette SAS : les Coop\u00e9ratives S\u00e8vre et Belle, Cap Faye sur Ardin, Oc\u00e9alia avec Nat\u00e9a, en tant que coop\u00e9rative associ\u00e9e, CEA Loulay, Union ENTENTE des coop\u00e9ratives, elle-m\u00eame compos\u00e9e de 9 coop\u00e9ratives locales. 14 coop\u00e9ratives rejoignent notre mouvement.<\/p>\n\n\n\n<p>La cr\u00e9ation de cette SAS traduit la volont\u00e9 des partenaires de se fixer des objectifs affirm\u00e9s et d\u2019agir de fa\u00e7on plus coh\u00e9rente et structur\u00e9e au service du d\u00e9veloppement de l\u2019agriculture biologique sur leurs territoires respectifs.  (certifi\u00e9 par FR &#8211; BIO &#8211; 13) <\/p>\n<\/div>\n\n\n\n<div class=\"wp-container-2 wp-block-column\">\n<p style=\"text-align:center\"><strong>Des missions,<br>des objectifs<\/strong><\/p>\n\n\n\n<p> La SAS AQUITABIO est active sur tout le cycle : commercialisation, agr\u00e9age \u2013 stockage, transformation, livraison de toutes productions v\u00e9g\u00e9tales issues de l\u2019agriculture biologique et notamment de c\u00e9r\u00e9ales, d\u2019ol\u00e9agineux, de prot\u00e9agineux produits par les associ\u00e9s ou leurs membres.  (certifi\u00e9 par FR &#8211; BIO &#8211; 13)  <br>La relation avec les adh\u00e9rents producteurs reste du domaine et de la responsabilit\u00e9 de chaque coop\u00e9rative, AQUITABIO assurant ensuite la coordination jusqu\u2019\u00e0 la livraison aux clients finaux.<br>La d\u00e9marche partenariale int\u00e8gre la cr\u00e9ation d\u2019un silo sp\u00e9cifique d\u00e9di\u00e9 implant\u00e9 dans le nord de la Nouvelle-Aquitaine, outil indispensable pour assurer les objectifs quantitatifs initiaux et la mont\u00e9e en puissance de l\u2019activit\u00e9 pour atteindre \u00e0 court terme la mise sur le march\u00e9 de 20 000 t de produits. <\/p>\n<\/div>\n<\/div>\n\n\n\n<hr class=\"wp-block-separator\"\/>\n\n\n\n<p style=\"text-align:center\"><strong>Un nouveau silo sp\u00e9cialis\u00e9<\/strong><\/p>\n\n\n\n<p>Un nouveau silo Bio a vu le jour \u00e0 Beauvoir-sur-Niort (79)  pour prendre en charge la collecte des 250 actuels adh\u00e9rents bio.<\/p>\n\n\n\n<p>Ce silo nouvelle g\u00e9n\u00e9ration dot\u00e9 de toutes les garanties de qualit\u00e9 a \u00e9t\u00e9 entrepris avec des op\u00e9rateurs solides et engag\u00e9s, une d\u00e9marche responsable et ma\u00eetris\u00e9e, un partenariat bas\u00e9 sur une vision commune et partag\u00e9e\u2026tous les ingr\u00e9dients pour la r\u00e9ussite du d\u00e9veloppement r\u00e9gional de l\u2019agriculture biologique sont r\u00e9unis.<\/p>\n","protected":false},"excerpt":{"rendered":"<p>Une initiative fortedes coop\u00e9ratives r\u00e9gionales AQUITABIO renforce et d\u00e9veloppe la dynamique r\u00e9gionale bio d\u00e9j\u00e0 initi\u00e9e. Ce sont ainsi 5 partenaires qui se sont associ\u00e9s dans cette SAS : les Coop\u00e9ratives S\u00e8vre et Belle, Cap Faye sur Ardin, Oc\u00e9alia avec Nat\u00e9a, en tant que coop\u00e9rative associ\u00e9e, CEA Loulay, Union ENTENTE des coop\u00e9ratives, elle-m\u00eame compos\u00e9e de 9 &hellip; <\/p>\n<p class=\"link-more\"><a href=\"https:\/\/aquitabio.fr\/?page_id=158\" class=\"more-link\">Continuer la lecture<span class=\"screen-reader-text\"> de &laquo;&nbsp;Nous conna\u00eetre&nbsp;&raquo;<\/span><\/a><\/p>\n","protected":false},"author":1,"featured_media":0,"parent":0,"menu_order":0,"comment_status":"closed","ping_status":"closed","template":"","meta":[],"_links":{"self":[{"href":"https:\/\/aquitabio.fr\/index.php?rest_route=\/wp\/v2\/pages\/158"}],"collection":[{"href":"https:\/\/aquitabio.fr\/index.php?rest_route=\/wp\/v2\/pages"}],"about":[{"href":"https:\/\/aquitabio.fr\/index.php?rest_route=\/wp\/v2\/types\/page"}],"author":[{"embeddable":true,"href":"https:\/\/aquitabio.fr\/index.php?rest_route=\/wp\/v2\/users\/1"}],"replies":[{"embeddable":true,"href":"https:\/\/aquitabio.fr\/index.php?rest_route=%2Fwp%2Fv2%2Fcomments&post=158"}],"version-history":[{"count":4,"href":"https:\/\/aquitabio.fr\/index.php?rest_route=\/wp\/v2\/pages\/158\/revisions"}],"predecessor-version":[{"id":242,"href":"https:\/\/aquitabio.fr\/index.php?rest_route=\/wp\/v2\/pages\/158\/revisions\/242"}],"wp:attachment":[{"href":"https:\/\/aquitabio.fr\/index.php?rest_route=%2Fwp%2Fv2%2Fmedia&parent=158"}],"curies":[{"name":"wp","href":"https:\/\/api.w.org\/{rel}","templated":true}]}}