{"id":144,"date":"2019-05-07T15:09:40","date_gmt":"2019-05-07T13:09:40","guid":{"rendered":"http:\/\/aquitabio.fr\/?page_id=144"},"modified":"2022-02-21T11:05:39","modified_gmt":"2022-02-21T10:05:39","slug":"nos-membres-fondateurs","status":"publish","type":"page","link":"https:\/\/aquitabio.fr\/?page_id=144","title":{"rendered":"Membres fondateurs"},"content":{"rendered":"\n<hr class=\"wp-block-separator\"\/>\n\n\n\n<div class=\"wp-block-media-text alignwide is-stacked-on-mobile\" style=\"grid-template-columns:25% auto\"><figure class=\"wp-block-media-text__media\"><img loading=\"lazy\" width=\"230\" height=\"164\" src=\"https:\/\/aquitabio.fr\/wp-content\/uploads\/2020\/09\/image002.png\" alt=\"\" class=\"wp-image-238 size-full\"\/><\/figure><div class=\"wp-block-media-text__content\">\n<p><strong>Cap Faye<\/strong><\/p>\n\n\n\n<p>250 adh\u00e9rents pour une collecte de 50 000 t sur un secteur avec une forte identit\u00e9 \u00e9levage.<\/p>\n\n\n\n<p><a href=\"https:\/\/www.capfaye.fr\/\" target=\"_blank\" rel=\"noreferrer noopener\" aria-label=\" (s\u2019ouvre dans un nouvel onglet)\">Site internet<\/a><\/p>\n<\/div><\/div>\n\n\n\n<hr class=\"wp-block-separator\"\/>\n\n\n\n<div class=\"wp-block-media-text alignwide is-stacked-on-mobile\" style=\"grid-template-columns:26% auto\"><figure class=\"wp-block-media-text__media\"><img loading=\"lazy\" width=\"266\" height=\"190\" src=\"https:\/\/aquitabio.fr\/wp-content\/uploads\/2019\/05\/cea-loulay-1.png\" alt=\"\" class=\"wp-image-147 size-full\"\/><\/figure><div class=\"wp-block-media-text__content\">\n<p><strong>CEA Loulay<\/strong><\/p>\n\n\n\n<p>450 adh\u00e9rents, 125 000 t de collecte dont 1 700 t bio (ou en conversion bio)<\/p>\n\n\n\n<p><a href=\"https:\/\/www.coop-cea.fr\/coop\/\" target=\"_blank\" rel=\"noreferrer noopener\" aria-label=\" (s\u2019ouvre dans un nouvel onglet)\">Site internet<\/a><\/p>\n<\/div><\/div>\n\n\n\n<hr class=\"wp-block-separator\"\/>\n\n\n\n<div class=\"wp-block-media-text alignwide is-stacked-on-mobile\" style=\"grid-template-columns:26% auto\"><figure class=\"wp-block-media-text__media\"><img loading=\"lazy\" width=\"709\" height=\"709\" src=\"https:\/\/aquitabio.fr\/wp-content\/uploads\/2022\/02\/Logo_Ocealia_2022.jpg\" alt=\"\" class=\"wp-image-271 size-full\" srcset=\"https:\/\/aquitabio.fr\/wp-content\/uploads\/2022\/02\/Logo_Ocealia_2022.jpg 709w, https:\/\/aquitabio.fr\/wp-content\/uploads\/2022\/02\/Logo_Ocealia_2022-300x300.jpg 300w, https:\/\/aquitabio.fr\/wp-content\/uploads\/2022\/02\/Logo_Ocealia_2022-150x150.jpg 150w, https:\/\/aquitabio.fr\/wp-content\/uploads\/2022\/02\/Logo_Ocealia_2022-100x100.jpg 100w\" sizes=\"(max-width: 709px) 100vw, 709px\" \/><\/figure><div class=\"wp-block-media-text__content\">\n<p><strong>Oc\u00e9alia<\/strong><\/p>\n\n\n\n<p>10 000 adh\u00e9rents; 1.5Mt de collecte c\u00e9r\u00e9ales dont 8 000 t bio, activit\u00e9 viticulture en fili\u00e8re amont-aval et activit\u00e9 \u00e9levage.<\/p>\n\n\n\n<p><a href=\"https:\/\/www.ocealia-groupe.fr\/\" target=\"_blank\" rel=\"noreferrer noopener\" aria-label=\" (s\u2019ouvre dans un nouvel onglet)\">Site internet<\/a><\/p>\n<\/div><\/div>\n\n\n\n<hr class=\"wp-block-separator\"\/>\n\n\n\n<div class=\"wp-block-media-text alignwide is-stacked-on-mobile\" style=\"grid-template-columns:26% auto\"><figure class=\"wp-block-media-text__media\"><img loading=\"lazy\" width=\"583\" height=\"280\" src=\"https:\/\/aquitabio.fr\/wp-content\/uploads\/2019\/05\/logo-SB_sevreetbelle-1.jpg\" alt=\"\" class=\"wp-image-150 size-full\" srcset=\"https:\/\/aquitabio.fr\/wp-content\/uploads\/2019\/05\/logo-SB_sevreetbelle-1.jpg 583w, https:\/\/aquitabio.fr\/wp-content\/uploads\/2019\/05\/logo-SB_sevreetbelle-1-300x144.jpg 300w\" sizes=\"(max-width: 583px) 100vw, 583px\" \/><\/figure><div class=\"wp-block-media-text__content\">\n<p><strong>S\u00e8vre et Belle<\/strong><\/p>\n\n\n\n<p>600 adh\u00e9rents pour une collecte de 80 000 t, quelques producteurs en conversion bio. Une culture forte en d\u00e9marches qualit\u00e9s.<\/p>\n<\/div><\/div>\n\n\n\n<hr class=\"wp-block-separator\"\/>\n\n\n\n<div class=\"wp-block-media-text alignwide is-stacked-on-mobile\" style=\"grid-template-columns:27% auto\"><figure class=\"wp-block-media-text__media\"><img loading=\"lazy\" width=\"200\" height=\"144\" src=\"https:\/\/aquitabio.fr\/wp-content\/uploads\/2019\/05\/Entente-petit_0.png\" alt=\"\" class=\"wp-image-154 size-full\"\/><\/figure><div class=\"wp-block-media-text__content\">\n<p><strong>Union Entente<\/strong><\/p>\n\n\n\n<p>Union de 9 coop\u00e9ratives, Coop de Beurlay, Carc, Cavac Villej\u00e9sus, Segonzac Ch\u00e9rac, Cour\u00e7on, Matha, St Agnant, Tonnay-Boutonne, St Pierre de Juillers, repr\u00e9sentant plus de 2 000 adh\u00e9rents, 400 000 t de collecte de c\u00e9r\u00e9ales et engag\u00e9e depuis de nombreuses ann\u00e9es dans des fili\u00e8res qualit\u00e9.<\/p>\n\n\n\n<p><a rel=\"noreferrer noopener\" aria-label=\"Site internet Coop de Beurlay (s\u2019ouvre dans un nouvel onglet)\" href=\"http:\/\/www.coop-beurlay.fr\/HP\/HPInternet-beurlay.aspx\" target=\"_blank\">Site internet Coop de Beurlay<\/a><br><a rel=\"noreferrer noopener\" aria-label=\"Site internet Cavac 16 (s\u2019ouvre dans un nouvel onglet)\" href=\"https:\/\/www.cavac16.com\/\" target=\"_blank\">Site internet Cavac 16<\/a><br><a rel=\"noreferrer noopener\" aria-label=\" Site internet Coop Matha  (s\u2019ouvre dans un nouvel onglet)\" href=\"https:\/\/www.coop-matha.fr\/\" target=\"_blank\">Site internet Coop Matha <\/a><br> <a href=\"http:\/\/www.coop-saintpierredejuillers.com\/HP\/HPInternet2-stpierre.aspx\" target=\"_blank\" rel=\"noreferrer noopener\" aria-label=\" (s\u2019ouvre dans un nouvel onglet)\">Site internet Coop St Pierre de Juillers<\/a><br><a rel=\"noreferrer noopener\" aria-label=\" Site internet Minoterie de Cour\u00e7on (s\u2019ouvre dans un nouvel onglet)\" href=\"http:\/\/www.minoteriecooperative-courcon.com\/HP\/HPInternet-courcon.aspx\" target=\"_blank\"> Site internet Minoterie de Cour\u00e7on<\/a><\/p>\n<\/div><\/div>\n","protected":false},"excerpt":{"rendered":"<p>Cap Faye 250 adh\u00e9rents pour une collecte de 50 000 t sur un secteur avec une forte identit\u00e9 \u00e9levage. Site internet CEA Loulay 450 adh\u00e9rents, 125 000 t de collecte dont 1 700 t bio (ou en conversion bio) Site internet Oc\u00e9alia 10 000 adh\u00e9rents; 1.5Mt de collecte c\u00e9r\u00e9ales dont 8 000 t bio, activit\u00e9 &hellip; <\/p>\n<p class=\"link-more\"><a href=\"https:\/\/aquitabio.fr\/?page_id=144\" class=\"more-link\">Continuer la lecture<span class=\"screen-reader-text\"> de &laquo;&nbsp;Membres fondateurs&nbsp;&raquo;<\/span><\/a><\/p>\n","protected":false},"author":1,"featured_media":0,"parent":0,"menu_order":0,"comment_status":"closed","ping_status":"closed","template":"","meta":[],"_links":{"self":[{"href":"https:\/\/aquitabio.fr\/index.php?rest_route=\/wp\/v2\/pages\/144"}],"collection":[{"href":"https:\/\/aquitabio.fr\/index.php?rest_route=\/wp\/v2\/pages"}],"about":[{"href":"https:\/\/aquitabio.fr\/index.php?rest_route=\/wp\/v2\/types\/page"}],"author":[{"embeddable":true,"href":"https:\/\/aquitabio.fr\/index.php?rest_route=\/wp\/v2\/users\/1"}],"replies":[{"embeddable":true,"href":"https:\/\/aquitabio.fr\/index.php?rest_route=%2Fwp%2Fv2%2Fcomments&post=144"}],"version-history":[{"count":11,"href":"https:\/\/aquitabio.fr\/index.php?rest_route=\/wp\/v2\/pages\/144\/revisions"}],"predecessor-version":[{"id":273,"href":"https:\/\/aquitabio.fr\/index.php?rest_route=\/wp\/v2\/pages\/144\/revisions\/273"}],"wp:attachment":[{"href":"https:\/\/aquitabio.fr\/index.php?rest_route=%2Fwp%2Fv2%2Fmedia&parent=144"}],"curies":[{"name":"wp","href":"https:\/\/api.w.org\/{rel}","templated":true}]}}