{"id":111,"date":"2019-04-30T12:32:33","date_gmt":"2019-04-30T10:32:33","guid":{"rendered":"http:\/\/aquitabio.fr\/?page_id=111"},"modified":"2022-02-21T11:07:15","modified_gmt":"2022-02-21T10:07:15","slug":"aquitabio","status":"publish","type":"page","link":"https:\/\/aquitabio.fr\/","title":{"rendered":"Aquitabio"},"content":{"rendered":"\n<hr class=\"wp-block-separator\"\/>\n\n\n\n<div class=\"wp-block-media-text alignwide has-media-on-the-right is-stacked-on-mobile\" style=\"grid-template-columns:auto 58%\"><figure class=\"wp-block-media-text__media\"><img loading=\"lazy\" width=\"596\" height=\"550\" src=\"https:\/\/aquitabio.fr\/wp-content\/uploads\/2019\/04\/Carte-plaquette-pour-site-2.png\" alt=\"\" class=\"wp-image-82 size-full\" srcset=\"https:\/\/aquitabio.fr\/wp-content\/uploads\/2019\/04\/Carte-plaquette-pour-site-2.png 596w, https:\/\/aquitabio.fr\/wp-content\/uploads\/2019\/04\/Carte-plaquette-pour-site-2-300x277.png 300w\" sizes=\"(max-width: 596px) 100vw, 596px\" \/><\/figure><div class=\"wp-block-media-text__content\">\n<p>Des productions bio issues exclusivement de notre territoire (certifi\u00e9 par FR &#8211; BIO &#8211; 13)  <\/p>\n\n\n\n<p>Une compl\u00e9mentarit\u00e9 entre nos Coop\u00e9ratives<\/p>\n\n\n\n<p>Une synergie de producteurs au service des attentes des consommateurs<strong><em>\ufeff<\/em><\/strong><\/p>\n<\/div><\/div>\n","protected":false},"excerpt":{"rendered":"<p>Des productions bio issues exclusivement de notre territoire (certifi\u00e9 par FR &#8211; BIO &#8211; 13) Une compl\u00e9mentarit\u00e9 entre nos Coop\u00e9ratives Une synergie de producteurs au service des attentes des consommateurs\ufeff<\/p>\n","protected":false},"author":1,"featured_media":0,"parent":0,"menu_order":0,"comment_status":"closed","ping_status":"closed","template":"","meta":[],"_links":{"self":[{"href":"https:\/\/aquitabio.fr\/index.php?rest_route=\/wp\/v2\/pages\/111"}],"collection":[{"href":"https:\/\/aquitabio.fr\/index.php?rest_route=\/wp\/v2\/pages"}],"about":[{"href":"https:\/\/aquitabio.fr\/index.php?rest_route=\/wp\/v2\/types\/page"}],"author":[{"embeddable":true,"href":"https:\/\/aquitabio.fr\/index.php?rest_route=\/wp\/v2\/users\/1"}],"replies":[{"embeddable":true,"href":"https:\/\/aquitabio.fr\/index.php?rest_route=%2Fwp%2Fv2%2Fcomments&post=111"}],"version-history":[{"count":20,"href":"https:\/\/aquitabio.fr\/index.php?rest_route=\/wp\/v2\/pages\/111\/revisions"}],"predecessor-version":[{"id":274,"href":"https:\/\/aquitabio.fr\/index.php?rest_route=\/wp\/v2\/pages\/111\/revisions\/274"}],"wp:attachment":[{"href":"https:\/\/aquitabio.fr\/index.php?rest_route=%2Fwp%2Fv2%2Fmedia&parent=111"}],"curies":[{"name":"wp","href":"https:\/\/api.w.org\/{rel}","templated":true}]}}